{"id":762,"date":"2016-03-01T12:41:34","date_gmt":"2016-03-01T11:41:34","guid":{"rendered":"http:\/\/www.lda-verteneglio.hr\/?page_id=762"},"modified":"2016-11-08T11:32:50","modified_gmt":"2016-11-08T10:32:50","slug":"in-the-press","status":"publish","type":"page","link":"https:\/\/www.lda-verteneglio.hr\/it\/in-the-press\/","title":{"rendered":"In the press"},"content":{"rendered":"<p><\/p>\n<hr \/>\n<p>26.10.2016<br \/>\nPROJECT: 20 godina Evropske volonterske slu\u017ebe<br \/>\nARTICLE: <a href=\"http:\/\/www.mobilnost.hr\/hr\/informativne-i-promotivne-aktivnosti\/20-godina-europske-volonterske-sluzbe\/\">20 godina Evropske volonterske slu\u017ebe<\/a><\/p>\n<hr \/>\n<p><span style=\"margin: 0px; color: #373737; line-height: 107%; font-family: 'Helvetica',sans-serif; font-size: 11.5pt;\">15.10.2016, <\/span><span style=\"margin: 0px; line-height: 107%; font-family: 'Helvetica',sans-serif; font-size: 11.5pt; color: #333333;\">www.akademija-art.hr<\/span><span style=\"margin: 0px; color: #373737; line-height: 107%; font-family: 'Helvetica',sans-serif; font-size: 11.5pt;\" lang=\"EN-US\"><br \/>\nPROJECT: 20 godina Evropske volonterske slu\u017ebe<br \/>\n<\/span><span style=\"margin: 0px; color: #373737; line-height: 107%; font-family: 'Helvetica',sans-serif; font-size: 11.5pt;\">ARTICLE:<\/span> <span style=\"color: #003300;\"><span style=\"margin: 0px; line-height: 107%; font-family: 'Helvetica',sans-serif; font-size: 11.5pt;\"><a href=\"http:\/\/www.akademija-art.hr\/hr\/hr-1\/vijesti\/39196-europska-volonterska-sluzba-proslavila-20-obljetnicu\">Europska volonterska slu\u017eba proslavila 20. obljetnicu<\/a>&nbsp;<\/span>&nbsp;<\/span><\/p>\n<hr \/>\n<p><span style=\"margin: 0px; color: #373737; line-height: 107%; font-family: 'Helvetica',sans-serif; font-size: 11.5pt;\"><span style=\"margin: 0px; color: #373737; font-family: 'Helvetica',sans-serif; font-size: 11.5pt;\">14.10.2016, <\/span><span style=\"margin: 0px; font-family: 'Helvetica',sans-serif; font-size: 11.5pt; color: #333333;\">www.scena.hr\/<\/span><span style=\"margin: 0px; color: #373737; font-family: 'Helvetica',sans-serif; font-size: 11.5pt;\" lang=\"EN-US\"><br \/>\nPROJECT: 20 godina Evropske volonterske slu\u017ebe<br \/>\n<\/span><span style=\"margin: 0px; color: #373737; font-family: 'Helvetica',sans-serif; font-size: 11.5pt;\" lang=\"EN-US\">ARTICLE: <\/span><a href=\"http:\/\/www.scena.hr\/naslovnica\/europska-volonterska-sluzba\/\">Europska volonterska slu\u017eba proslavila 20. obljetnicu<\/a><\/span><\/p>\n<hr \/>\n<p>30.04.2016<br \/>\nPROJECT:&nbsp;Info dani: Ekolo\u0161ka proizvodnja i HACCP<br \/>\nARTICLE:&nbsp;<a href=\"http:\/\/www.glasistre.hr\/vijesti\/pula_istra\/brtonigla-daje-udrugama-24-tisuce-kuna-525030\">Brtonigla daje udrugama 24 tisu\u0107e kuna<\/a><\/p>\n<hr \/>\n<p><span style=\"margin: 0px; color: #373737; line-height: 107%; font-family: 'Helvetica',sans-serif; font-size: 11.5pt;\">27.04.2016, www.parentium.com<br \/>\n<\/span><span style=\"margin: 0px; color: #373737; line-height: 107%; font-family: 'Helvetica',sans-serif; font-size: 11.5pt;\">PROJECT: EVS S.M.I.L.E.<br \/>\n<\/span><span style=\"margin: 0px; color: #373737; line-height: 107%; font-family: 'Helvetica',sans-serif; font-size: 11.5pt;\" lang=\"IT\">ARTICLE: <a href=\"http:\/\/www.parentium.com\/prva.asp?clanak=55604\">Volonteri iz Brtonigle posjetili Dom za starije<\/a><\/span><\/p>\n<hr \/>\n<p>26.04.2016,&nbsp;www.porestina.info<br \/>\nPROJECT: EVS S.M.I.L.E.<br \/>\nARTICLE:&nbsp;<a href=\"http:\/\/porestina.info\/volonteri-iz-brtonigle-posjetili-dom-za-starije-i-nemocne\/\">Volonteri iz Brtonigle posjetili Dom za starije i nemo\u0107ne<\/a><\/p>\n<hr \/>\n<p>16.4.2016, La Voce del Popolo<br \/>\nPROJECT: Waves of citizenship, waves of legality<br \/>\nARTICLE: <a href=\"http:\/\/www.editfiume.com\/lavoce\/istria\/18508-leone-zingales-alla-smsi-di-buie\">Leone Zingales alla SMSI di Buie<\/a><\/p>\n<hr \/>\n<p>26.2.2016,&nbsp;Glas Istre &amp; La Voce del Popolo<br \/>\nPROJECT: Waves of citizenship, waves of legality<br \/>\nARTICLE: <a href=\"http:\/\/www.lda-verteneglio.hr\/wp-content\/uploads\/2016\/03\/26.2.2016-Buje-waves-of-legality.pdf\">DOWNLOAD&nbsp;PDF<\/a><\/p>\n<hr \/>\n<p>2015, Agencija za Mobilnost i Programe EU<br \/>\nPROJECT: EVS G.I.L.D.<br \/>\nARTICLE:&nbsp;<a href=\"http:\/\/arhiva.mobilnost.hr\/index.php?id=1172\">Jasna Petrovska \u2013 volonterka iz Makedonije u EVS projektu Get Involved In Local Democracy<\/a><\/p>\n<hr \/>\n<p>21.10.2015, Adria2u<br \/>\n<span style=\"font-size: 15px; font-weight: 300; line-height: 1.62em;\">PROJECT: EVS&nbsp;S.M.I.L.E.<br \/>\n<\/span><span style=\"font-size: 15px; font-weight: 300; line-height: 1.62em;\">ARTICLE:<\/span><a style=\"font-style: inherit; font-weight: inherit;\" href=\"http:\/\/adria2u.com\/dobrodosli-novi-volonteri\/\">&nbsp;Dobrodo\u0161li novi volonteri<\/a><\/p>\n<hr \/>\n<p>29.4.2015, www.pressedan.unin.hr<br \/>\nPROJECT: EVS G.I.L.D.<br \/>\nARTICLE:&nbsp;<a href=\"http:\/\/pressedan.unin.hr\/poceo-europski-tjedan-mladih.html\">Sedmo izdanje Europskog tjedna mladih obilje\u017eava se izme\u0111u 27. travnja i 10. svibnja u 33 europske zemlje.<\/a><\/p>\n<hr \/>\n<p>22.2.2013, La Voce del Popolo<br \/>\nPROJECT: Conference with Ettore Rosato<br \/>\nARTICLE: <a href=\"http:\/\/www.lda-verteneglio.hr\/wp-content\/uploads\/2016\/07\/Incontro-On.-Rosato-La-voce-del-popolo-22.02.2013.pdf\">DOWNLOAD PDF<\/a><\/p>\n<hr \/>\n<p>16.2.2013,&nbsp;www.glasistre.hr<br \/>\nPROJECT: 1.CHOCO AND WINE FEST<br \/>\nARTICLE:&nbsp;<a href=\"http:\/\/www.glasistre.hr\/vijesti\/mozaik\/choco-wine-fest-spoj-cokolade-i-vina-pravi-pogodak-384004\">Choco&amp;Wine Fest: Spoj \u010dokolade i vina pravi pogodak<\/a><\/p>\n<hr \/>\n<p>10.05.2012,&nbsp;www.istra-europa.eu<br \/>\nPROJECT:&nbsp;GODI\u0160NJA SKUP\u0160TINA UDRUGE<br \/>\nARTICLE:&nbsp;<a href=\"http:\/\/www.istra-europa.eu\/news\/detailed\/skupshtina_agencije_lokalne_demokracije_iz_brtonigle_odrzhana_u_greve_in_ch#.V4i2nLiLTIV\">Skup\u0161tina Agencije lokalne demokracije iz Brtonigle odr\u017eana u Greve in Chianti<\/a><\/p>\n<hr \/>\n<p>10.2 &#8211; 14.2 &#8211; 13.2 2012, Glas Istre &amp; La Voce del Popolo<br \/>\nPROJECT:&nbsp;ADRIA3<br \/>\nARTICLE:<a style=\"font-style: inherit; font-weight: inherit;\" href=\"http:\/\/adria2u.com\/dobrodosli-novi-volonteri\/\">&nbsp;<\/a><a href=\"http:\/\/www.lda-verteneglio.hr\/wp-content\/uploads\/2016\/07\/ADRIA-3-In-the-press.pdf\">DOWNLOAD PDF<\/a><\/p>\n<hr \/>\n<p>20.09.2010,&nbsp;www.regionalexpress.hr<br \/>\nPROJECT: EVS&nbsp;\u201cG.R.O.W.T.H. FOR EUROPE\u201d<br \/>\nARTICLE:&nbsp;<a href=\"http:\/\/www.regionalexpress.hr\/site\/more\/u-brtoniglu-stigli-novi-europski-volonteri\">U Brtoniglu stigli novi europski volonteri<\/a><\/p>\n<hr \/>\n<p>17-18.11.2010,&nbsp;Voce del Popolo e la&nbsp;Glas Istre<br \/>\nPROJECT:&nbsp;EU.N.V.I.R.O.N.M.E.N.T.<br \/>\nARTICLE: La Voce del popolo <a href=\"http:\/\/www.lda-verteneglio.hr\/wp-content\/uploads\/2016\/07\/EUNVIRONMENT-Articolo_La_Voce_17.11.2010.jpg\">DOWNLOAD PDF<\/a><br \/>\nARTICLE: Glas Istre <a href=\"http:\/\/www.lda-verteneglio.hr\/wp-content\/uploads\/2016\/07\/EUNVIRONMENT-Glas-Istre_18.11.2010.jpg\">DOWNLOAD PDF<\/a><\/p>\n<hr \/>\n<p>2010,&nbsp;Voce del Popolo e la&nbsp;Glas Istre<br \/>\nPROJECT:&nbsp;EU.N.V.I.R.O.N.M.E.N.T.<br \/>\nARTICLE:&nbsp;La Voce del popolo <a href=\"http:\/\/www.lda-verteneglio.hr\/wp-content\/uploads\/2016\/07\/EARTH_lavoce.jpg\">DOWNLOAD PDF<\/a><br \/>\nARTICLE: Glas Istre&nbsp;<a href=\"http:\/\/www.lda-verteneglio.hr\/wp-content\/uploads\/2016\/07\/GLAS-ISTRE-EARTH1.jpg\">DOWNLOAD PDF<\/a><br \/>\nARTICLE:&nbsp;Glas Istre&nbsp;<a href=\"http:\/\/www.lda-verteneglio.hr\/wp-content\/uploads\/2016\/07\/GLAS-ISTRE-EARTH_CentroGiovani.jpg\">DOWNLOAD PDF<\/a><\/p>","protected":false},"excerpt":{"rendered":"<p>26.10.2016 PROJECT: 20 godina Evropske volonterske slu\u017ebe ARTICLE: 20 godina Evropske volonterske slu\u017ebe 15.10.2016, www.akademija-art.hr PROJECT: 20 godina Evropske volonterske slu\u017ebe ARTICLE: Europska volonterska slu\u017eba proslavila 20. obljetnicu&nbsp;&nbsp; 14.10.2016, www.scena.hr\/ PROJECT: 20 godina Evropske volonterske slu\u017ebe ARTICLE: Europska volonterska slu\u017eba <a class=\"more-link\" href=\"https:\/\/www.lda-verteneglio.hr\/it\/in-the-press\/\">Leggi tutto <span class=\"screen-reader-text\">  In the press<\/span><span class=\"meta-nav\">&rarr;<\/span><\/a><\/p>\n","protected":false},"author":3,"featured_media":0,"parent":0,"menu_order":0,"comment_status":"closed","ping_status":"closed","template":"","meta":{"footnotes":""},"class_list":["post-762","page","type-page","status-publish","hentry"],"_links":{"self":[{"href":"https:\/\/www.lda-verteneglio.hr\/it\/wp-json\/wp\/v2\/pages\/762","targetHints":{"allow":["GET"]}}],"collection":[{"href":"https:\/\/www.lda-verteneglio.hr\/it\/wp-json\/wp\/v2\/pages"}],"about":[{"href":"https:\/\/www.lda-verteneglio.hr\/it\/wp-json\/wp\/v2\/types\/page"}],"author":[{"embeddable":true,"href":"https:\/\/www.lda-verteneglio.hr\/it\/wp-json\/wp\/v2\/users\/3"}],"replies":[{"embeddable":true,"href":"https:\/\/www.lda-verteneglio.hr\/it\/wp-json\/wp\/v2\/comments?post=762"}],"version-history":[{"count":50,"href":"https:\/\/www.lda-verteneglio.hr\/it\/wp-json\/wp\/v2\/pages\/762\/revisions"}],"predecessor-version":[{"id":1603,"href":"https:\/\/www.lda-verteneglio.hr\/it\/wp-json\/wp\/v2\/pages\/762\/revisions\/1603"}],"wp:attachment":[{"href":"https:\/\/www.lda-verteneglio.hr\/it\/wp-json\/wp\/v2\/media?parent=762"}],"curies":[{"name":"wp","href":"https:\/\/api.w.org\/{rel}","templated":true}]}}