{"id":366,"date":"2016-02-11T18:32:14","date_gmt":"2016-02-11T17:32:14","guid":{"rendered":"http:\/\/www.lda-verteneglio.hr\/?page_id=366"},"modified":"2022-10-27T11:28:51","modified_gmt":"2022-10-27T09:28:51","slug":"team","status":"publish","type":"page","link":"https:\/\/www.lda-verteneglio.hr\/it\/team\/","title":{"rendered":"Team"},"content":{"rendered":"<p><\/p>\n<p style=\"text-align: justify;\">Upon its foundation, LDA focuses its activities on the local rural development and on the multicultural environment where it works. :<\/p>\n<p style=\"text-align: justify;\"><strong><a href=\"http:\/\/www.lda-verteneglio.hr\/wp-content\/uploads\/2016\/02\/verteneglio.jpg\"><img loading=\"lazy\" decoding=\"async\" class=\" wp-image-927 alignleft\" src=\"http:\/\/www.lda-verteneglio.hr\/wp-content\/uploads\/2016\/02\/verteneglio.jpg\" alt=\"Umberto Ademollo Presidente\" width=\"175\" height=\"175\" \/><\/a>Umberto Ademollo:<\/strong> President of LDA since 2006. He represents the organization at local, regional, national and international level; he is in charge of nurturing partnerships with other NGOs, local institutions and authorities as well as widening the Agency&#8217;s network.<\/p>\n<p><strong>Contact:<\/strong> info@lda-verteneglio.hr<\/p>\n<hr \/>\n<p><strong> <a href=\"http:\/\/www.lda-verteneglio.hr\/wp-content\/uploads\/2016\/06\/2013-05-21-20.09.19.jpg\"><img loading=\"lazy\" decoding=\"async\" class=\" wp-image-943 alignleft\" src=\"http:\/\/www.lda-verteneglio.hr\/wp-content\/uploads\/2016\/06\/2013-05-21-20.09.19-300x300.jpg\" alt=\"Eric\" width=\"175\" height=\"175\" srcset=\"https:\/\/www.lda-verteneglio.hr\/wp-content\/uploads\/2016\/06\/2013-05-21-20.09.19-300x300.jpg 300w, https:\/\/www.lda-verteneglio.hr\/wp-content\/uploads\/2016\/06\/2013-05-21-20.09.19-150x150.jpg 150w, https:\/\/www.lda-verteneglio.hr\/wp-content\/uploads\/2016\/06\/2013-05-21-20.09.19.jpg 555w\" sizes=\"auto, (max-width: 175px) 100vw, 175px\" \/><\/a>Eric Persel:<\/strong>\u00a0\u00c8 il coordinatore del progetto, competente e esperto nell&#8217;organizzazione e nell&#8217;attuazione di vari progetti giovanili e nella gestione del coordinamento con i partner della LDA nella realizzazione di progetti. Responsabile dell&#8217;attuazione tempestiva delle attivit\u00e0 pianificate, dell&#8217;adattamento dei volontari, delle richieste e dell&#8217;attuazione delle attivit\u00e0. Ha partecipato a vari progetti giovanili, assistito ed \u00e8 stato responsabile della realizzazione di diversi progetti in cui LDA \u00e8 stata partner, ha svolto funzioni di mentore e coordinatore dei precedenti progetti EVS realizzati dall&#8217;agenzia. Il Sig. Persel \u00e8 bilingue in italiano e croato, fluente in inglese e con conoscenze di base in francese e tedesco.<\/p>\n<p><strong>Contact<\/strong>: eric@lda-verteneglio.hr<\/p>\n<hr \/>\n<p style=\"text-align: justify;\">\n<p><\/p>","protected":false},"excerpt":{"rendered":"<p>Upon its foundation, LDA focuses its activities on the local rural development and on the multicultural environment where it works. : Umberto Ademollo: President of LDA since 2006. He represents the organization at local, regional, national and international level; he <a class=\"more-link\" href=\"https:\/\/www.lda-verteneglio.hr\/it\/team\/\">Leggi tutto <span class=\"screen-reader-text\">  Team<\/span><span class=\"meta-nav\">&rarr;<\/span><\/a><\/p>\n","protected":false},"author":3,"featured_media":0,"parent":0,"menu_order":0,"comment_status":"closed","ping_status":"closed","template":"","meta":{"footnotes":""},"class_list":["post-366","page","type-page","status-publish","hentry"],"_links":{"self":[{"href":"https:\/\/www.lda-verteneglio.hr\/it\/wp-json\/wp\/v2\/pages\/366","targetHints":{"allow":["GET"]}}],"collection":[{"href":"https:\/\/www.lda-verteneglio.hr\/it\/wp-json\/wp\/v2\/pages"}],"about":[{"href":"https:\/\/www.lda-verteneglio.hr\/it\/wp-json\/wp\/v2\/types\/page"}],"author":[{"embeddable":true,"href":"https:\/\/www.lda-verteneglio.hr\/it\/wp-json\/wp\/v2\/users\/3"}],"replies":[{"embeddable":true,"href":"https:\/\/www.lda-verteneglio.hr\/it\/wp-json\/wp\/v2\/comments?post=366"}],"version-history":[{"count":99,"href":"https:\/\/www.lda-verteneglio.hr\/it\/wp-json\/wp\/v2\/pages\/366\/revisions"}],"predecessor-version":[{"id":2357,"href":"https:\/\/www.lda-verteneglio.hr\/it\/wp-json\/wp\/v2\/pages\/366\/revisions\/2357"}],"wp:attachment":[{"href":"https:\/\/www.lda-verteneglio.hr\/it\/wp-json\/wp\/v2\/media?parent=366"}],"curies":[{"name":"wp","href":"https:\/\/api.w.org\/{rel}","templated":true}]}}