{"id":368,"date":"2016-02-11T18:33:24","date_gmt":"2016-02-11T17:33:24","guid":{"rendered":"http:\/\/www.lda-verteneglio.hr\/?page_id=368"},"modified":"2016-05-30T13:05:01","modified_gmt":"2016-05-30T11:05:01","slug":"annual-reports","status":"publish","type":"page","link":"https:\/\/www.lda-verteneglio.hr\/hr\/annual-reports\/","title":{"rendered":"Godi\u0161nji Izvje\u0161taji"},"content":{"rendered":"<p>2015 <a href=\"http:\/\/www.lda-verteneglio.hr\/wp-content\/uploads\/2016\/05\/Financijski-izvje\u0161taji-neprofitnih-organizacija-1.1.2015-31.pdf\">Financijski izvje\u0161taj<\/a><br \/>\n2014 <a href=\"http:\/\/www.lda-verteneglio.hr\/wp-content\/uploads\/2016\/05\/Financijski-izvje\u0161taji-neprofitnih-organizacija-1.1.2014-31.pdf\">Financijski izvje\u0161taj<\/a><br \/>\n2013 <a href=\"http:\/\/www.lda-verteneglio.hr\/wp-content\/uploads\/2016\/05\/Financijski-izvje\u0161taji-neprofitnih-organizacija-1.1.2013-31.pdf\">Financijski izvje\u0161taj<\/a><\/p>","protected":false},"excerpt":{"rendered":"<p>2015 Financijski izvje\u0161taj 2014 Financijski izvje\u0161taj 2013 Financijski izvje\u0161taj<\/p>\n","protected":false},"author":3,"featured_media":0,"parent":0,"menu_order":0,"comment_status":"closed","ping_status":"closed","template":"","meta":{"footnotes":""},"class_list":["post-368","page","type-page","status-publish","hentry"],"_links":{"self":[{"href":"https:\/\/www.lda-verteneglio.hr\/hr\/wp-json\/wp\/v2\/pages\/368","targetHints":{"allow":["GET"]}}],"collection":[{"href":"https:\/\/www.lda-verteneglio.hr\/hr\/wp-json\/wp\/v2\/pages"}],"about":[{"href":"https:\/\/www.lda-verteneglio.hr\/hr\/wp-json\/wp\/v2\/types\/page"}],"author":[{"embeddable":true,"href":"https:\/\/www.lda-verteneglio.hr\/hr\/wp-json\/wp\/v2\/users\/3"}],"replies":[{"embeddable":true,"href":"https:\/\/www.lda-verteneglio.hr\/hr\/wp-json\/wp\/v2\/comments?post=368"}],"version-history":[{"count":17,"href":"https:\/\/www.lda-verteneglio.hr\/hr\/wp-json\/wp\/v2\/pages\/368\/revisions"}],"predecessor-version":[{"id":939,"href":"https:\/\/www.lda-verteneglio.hr\/hr\/wp-json\/wp\/v2\/pages\/368\/revisions\/939"}],"wp:attachment":[{"href":"https:\/\/www.lda-verteneglio.hr\/hr\/wp-json\/wp\/v2\/media?parent=368"}],"curies":[{"name":"wp","href":"https:\/\/api.w.org\/{rel}","templated":true}]}}